{"id":50,"date":"2019-01-14T20:17:18","date_gmt":"2019-01-14T19:17:18","guid":{"rendered":"https:\/\/garage-cloud-software.be\/bbt-software\/"},"modified":"2025-08-01T09:28:36","modified_gmt":"2025-08-01T08:28:36","slug":"bbt-software","status":"publish","type":"page","link":"https:\/\/garage-cloud-software.be\/fr\/","title":{"rendered":"Logiciel de garage"},"content":{"rendered":"","protected":false},"excerpt":{"rendered":"","protected":false},"author":1,"featured_media":0,"parent":0,"menu_order":0,"comment_status":"closed","ping_status":"closed","template":"page-home.php","meta":{"_acf_changed":false,"footnotes":""},"class_list":["post-50","page","type-page","status-publish","hentry"],"acf":[],"yoast_head":"<!-- This site is optimized with the Yoast SEO plugin v27.3 - https:\/\/yoast.com\/product\/yoast-seo-wordpress\/ -->\n<title>Logiciel de garage pour m\u00e9caniciens | Gestion simplifi\u00e9e des ateliers et des ventes en Belgique<\/title>\n<meta name=\"description\" content=\"D\u00e9couvrez notre logiciel sur mesure pour les m\u00e9caniciens Belges. G\u00e9rez facilement vos clients, vos bons de travail et votre facturation. Demandez une d\u00e9mo gratuite !\" \/>\n<meta name=\"robots\" content=\"index, follow, max-snippet:-1, max-image-preview:large, max-video-preview:-1\" \/>\n<link rel=\"canonical\" href=\"https:\/\/garage-cloud-software.be\/fr\/\" \/>\n<meta property=\"og:locale\" content=\"fr_FR\" \/>\n<meta property=\"og:type\" content=\"article\" \/>\n<meta property=\"og:title\" content=\"Logiciel de garage pour m\u00e9caniciens | Gestion simplifi\u00e9e des ateliers et des ventes en Belgique\" \/>\n<meta property=\"og:description\" content=\"D\u00e9couvrez notre logiciel sur mesure pour les m\u00e9caniciens Belges. G\u00e9rez facilement vos clients, vos bons de travail et votre facturation. Demandez une d\u00e9mo gratuite !\" \/>\n<meta property=\"og:url\" content=\"https:\/\/garage-cloud-software.be\/fr\/\" \/>\n<meta property=\"og:site_name\" content=\"BBT | Garage Software\" \/>\n<meta property=\"article:modified_time\" content=\"2025-08-01T08:28:36+00:00\" \/>\n<meta name=\"twitter:card\" content=\"summary_large_image\" \/>\n<script type=\"application\/ld+json\" class=\"yoast-schema-graph\">{\"@context\":\"https:\\\/\\\/schema.org\",\"@graph\":[{\"@type\":\"WebPage\",\"@id\":\"https:\\\/\\\/garage-cloud-software.be\\\/fr\\\/\",\"url\":\"https:\\\/\\\/garage-cloud-software.be\\\/fr\\\/\",\"name\":\"Logiciel de garage pour m\u00e9caniciens | Gestion simplifi\u00e9e des ateliers et des ventes en Belgique\",\"isPartOf\":{\"@id\":\"https:\\\/\\\/garage-cloud-software.be\\\/fr\\\/#website\"},\"datePublished\":\"2019-01-14T19:17:18+00:00\",\"dateModified\":\"2025-08-01T08:28:36+00:00\",\"description\":\"D\u00e9couvrez notre logiciel sur mesure pour les m\u00e9caniciens Belges. G\u00e9rez facilement vos clients, vos bons de travail et votre facturation. Demandez une d\u00e9mo gratuite !\",\"breadcrumb\":{\"@id\":\"https:\\\/\\\/garage-cloud-software.be\\\/fr\\\/#breadcrumb\"},\"inLanguage\":\"fr-FR\",\"potentialAction\":[{\"@type\":\"ReadAction\",\"target\":[\"https:\\\/\\\/garage-cloud-software.be\\\/fr\\\/\"]}]},{\"@type\":\"BreadcrumbList\",\"@id\":\"https:\\\/\\\/garage-cloud-software.be\\\/fr\\\/#breadcrumb\",\"itemListElement\":[{\"@type\":\"ListItem\",\"position\":1,\"name\":\"Home\",\"item\":\"https:\\\/\\\/garage-cloud-software.be\\\/fr\\\/\"},{\"@type\":\"ListItem\",\"position\":2,\"name\":\"Logiciel de garage\"}]},{\"@type\":\"WebSite\",\"@id\":\"https:\\\/\\\/garage-cloud-software.be\\\/fr\\\/#website\",\"url\":\"https:\\\/\\\/garage-cloud-software.be\\\/fr\\\/\",\"name\":\"BBT | Garage Software\",\"description\":\"Logiciel Cloud pour le garagiste\",\"potentialAction\":[{\"@type\":\"SearchAction\",\"target\":{\"@type\":\"EntryPoint\",\"urlTemplate\":\"https:\\\/\\\/garage-cloud-software.be\\\/fr\\\/?s={search_term_string}\"},\"query-input\":{\"@type\":\"PropertyValueSpecification\",\"valueRequired\":true,\"valueName\":\"search_term_string\"}}],\"inLanguage\":\"fr-FR\"}]}<\/script>\n<!-- \/ Yoast SEO plugin. -->","yoast_head_json":{"title":"Logiciel de garage pour m\u00e9caniciens | Gestion simplifi\u00e9e des ateliers et des ventes en Belgique","description":"D\u00e9couvrez notre logiciel sur mesure pour les m\u00e9caniciens Belges. G\u00e9rez facilement vos clients, vos bons de travail et votre facturation. Demandez une d\u00e9mo gratuite !","robots":{"index":"index","follow":"follow","max-snippet":"max-snippet:-1","max-image-preview":"max-image-preview:large","max-video-preview":"max-video-preview:-1"},"canonical":"https:\/\/garage-cloud-software.be\/fr\/","og_locale":"fr_FR","og_type":"article","og_title":"Logiciel de garage pour m\u00e9caniciens | Gestion simplifi\u00e9e des ateliers et des ventes en Belgique","og_description":"D\u00e9couvrez notre logiciel sur mesure pour les m\u00e9caniciens Belges. G\u00e9rez facilement vos clients, vos bons de travail et votre facturation. Demandez une d\u00e9mo gratuite !","og_url":"https:\/\/garage-cloud-software.be\/fr\/","og_site_name":"BBT | Garage Software","article_modified_time":"2025-08-01T08:28:36+00:00","twitter_card":"summary_large_image","schema":{"@context":"https:\/\/schema.org","@graph":[{"@type":"WebPage","@id":"https:\/\/garage-cloud-software.be\/fr\/","url":"https:\/\/garage-cloud-software.be\/fr\/","name":"Logiciel de garage pour m\u00e9caniciens | Gestion simplifi\u00e9e des ateliers et des ventes en Belgique","isPartOf":{"@id":"https:\/\/garage-cloud-software.be\/fr\/#website"},"datePublished":"2019-01-14T19:17:18+00:00","dateModified":"2025-08-01T08:28:36+00:00","description":"D\u00e9couvrez notre logiciel sur mesure pour les m\u00e9caniciens Belges. G\u00e9rez facilement vos clients, vos bons de travail et votre facturation. Demandez une d\u00e9mo gratuite !","breadcrumb":{"@id":"https:\/\/garage-cloud-software.be\/fr\/#breadcrumb"},"inLanguage":"fr-FR","potentialAction":[{"@type":"ReadAction","target":["https:\/\/garage-cloud-software.be\/fr\/"]}]},{"@type":"BreadcrumbList","@id":"https:\/\/garage-cloud-software.be\/fr\/#breadcrumb","itemListElement":[{"@type":"ListItem","position":1,"name":"Home","item":"https:\/\/garage-cloud-software.be\/fr\/"},{"@type":"ListItem","position":2,"name":"Logiciel de garage"}]},{"@type":"WebSite","@id":"https:\/\/garage-cloud-software.be\/fr\/#website","url":"https:\/\/garage-cloud-software.be\/fr\/","name":"BBT | Garage Software","description":"Logiciel Cloud pour le garagiste","potentialAction":[{"@type":"SearchAction","target":{"@type":"EntryPoint","urlTemplate":"https:\/\/garage-cloud-software.be\/fr\/?s={search_term_string}"},"query-input":{"@type":"PropertyValueSpecification","valueRequired":true,"valueName":"search_term_string"}}],"inLanguage":"fr-FR"}]}},"_links":{"self":[{"href":"https:\/\/garage-cloud-software.be\/fr\/wp-json\/wp\/v2\/pages\/50","targetHints":{"allow":["GET"]}}],"collection":[{"href":"https:\/\/garage-cloud-software.be\/fr\/wp-json\/wp\/v2\/pages"}],"about":[{"href":"https:\/\/garage-cloud-software.be\/fr\/wp-json\/wp\/v2\/types\/page"}],"author":[{"embeddable":true,"href":"https:\/\/garage-cloud-software.be\/fr\/wp-json\/wp\/v2\/users\/1"}],"replies":[{"embeddable":true,"href":"https:\/\/garage-cloud-software.be\/fr\/wp-json\/wp\/v2\/comments?post=50"}],"version-history":[{"count":1,"href":"https:\/\/garage-cloud-software.be\/fr\/wp-json\/wp\/v2\/pages\/50\/revisions"}],"predecessor-version":[{"id":71,"href":"https:\/\/garage-cloud-software.be\/fr\/wp-json\/wp\/v2\/pages\/50\/revisions\/71"}],"wp:attachment":[{"href":"https:\/\/garage-cloud-software.be\/fr\/wp-json\/wp\/v2\/media?parent=50"}],"curies":[{"name":"wp","href":"https:\/\/api.w.org\/{rel}","templated":true}]}}